{"id":17,"date":"2023-06-16T18:42:07","date_gmt":"2023-06-16T18:42:07","guid":{"rendered":"https:\/\/mbso.pl\/?page_id=17"},"modified":"2025-01-01T11:19:00","modified_gmt":"2025-01-01T11:19:00","slug":"oferta","status":"publish","type":"page","link":"https:\/\/mbso.pl\/?page_id=17","title":{"rendered":"Praca"},"content":{"rendered":"\t\t<div data-elementor-type=\"wp-page\" data-elementor-id=\"17\" class=\"elementor elementor-17\">\n\t\t\t\t\t\t<section class=\"elementor-section elementor-top-section elementor-element elementor-element-c8aac14 elementor-section-content-middle elementor-section-boxed elementor-section-height-default elementor-section-height-default wpr-particle-no wpr-jarallax-no wpr-parallax-no wpr-sticky-section-no\" data-id=\"c8aac14\" data-element_type=\"section\" data-settings=\"{&quot;background_background&quot;:&quot;classic&quot;}\">\n\t\t\t\t\t\t<div class=\"elementor-container elementor-column-gap-no\">\n\t\t\t\t\t<div class=\"elementor-column elementor-col-100 elementor-top-column elementor-element elementor-element-f37ae35\" data-id=\"f37ae35\" data-element_type=\"column\">\n\t\t\t<div class=\"elementor-widget-wrap elementor-element-populated\">\n\t\t\t\t\t\t<div class=\"elementor-element elementor-element-c62dca6 animated-slow elementor-invisible elementor-widget elementor-widget-heading\" data-id=\"c62dca6\" data-element_type=\"widget\" data-settings=\"{&quot;_animation&quot;:&quot;fadeInUp&quot;}\" data-widget_type=\"heading.default\">\n\t\t\t\t<div class=\"elementor-widget-container\">\n\t\t\t\t\t<h2 class=\"elementor-heading-title elementor-size-default\">Praca<\/h2>\t\t\t\t<\/div>\n\t\t\t\t<\/div>\n\t\t\t\t<div class=\"elementor-element elementor-element-420991e animated-slow elementor-invisible elementor-widget elementor-widget-heading\" data-id=\"420991e\" data-element_type=\"widget\" data-settings=\"{&quot;_animation&quot;:&quot;fadeIn&quot;,&quot;_animation_delay&quot;:800}\" data-widget_type=\"heading.default\">\n\t\t\t\t<div class=\"elementor-widget-container\">\n\t\t\t\t\t<h2 class=\"elementor-heading-title elementor-size-default\">Twoje marzenia, nasze projekty<\/h2>\t\t\t\t<\/div>\n\t\t\t\t<\/div>\n\t\t\t\t<div class=\"elementor-element elementor-element-cb6f356 e-transform elementor-widget elementor-widget-spacer\" data-id=\"cb6f356\" data-element_type=\"widget\" data-settings=\"{&quot;_transform_scale_effect_hover&quot;:{&quot;unit&quot;:&quot;px&quot;,&quot;size&quot;:&quot;&quot;,&quot;sizes&quot;:[]},&quot;_transform_scale_effect_hover_tablet&quot;:{&quot;unit&quot;:&quot;px&quot;,&quot;size&quot;:&quot;&quot;,&quot;sizes&quot;:[]},&quot;_transform_scale_effect_hover_mobile&quot;:{&quot;unit&quot;:&quot;px&quot;,&quot;size&quot;:&quot;&quot;,&quot;sizes&quot;:[]}}\" data-widget_type=\"spacer.default\">\n\t\t\t\t<div class=\"elementor-widget-container\">\n\t\t\t\t\t\t\t<div class=\"elementor-spacer\">\n\t\t\t<div class=\"elementor-spacer-inner\"><\/div>\n\t\t<\/div>\n\t\t\t\t\t\t<\/div>\n\t\t\t\t<\/div>\n\t\t\t\t<div class=\"elementor-element elementor-element-3149201 animated-slow elementor-invisible elementor-widget elementor-widget-text-editor\" data-id=\"3149201\" data-element_type=\"widget\" data-settings=\"{&quot;_animation&quot;:&quot;fadeIn&quot;,&quot;_animation_delay&quot;:800}\" data-widget_type=\"text-editor.default\">\n\t\t\t\t<div class=\"elementor-widget-container\">\n\t\t\t\t\t\t\t\t\t<p>Na tej stronie znajdziesz wszystko, co dotyczy moich komercyjnych projekt\u00f3w i wsp\u00f3\u0142pracy z klientami. To miejsce, gdzie marzenia spotykaj\u0105 si\u0119 z kreatywno\u015bci\u0105, a efekty staj\u0105 si\u0119 namacalne. Prezentuj\u0119 tu przyk\u0142ady realizacji, by pokaza\u0107 Ci, jak moje umiej\u0119tno\u015bci mog\u0105 pom\u00f3c w rozwoju Twojej marki. Znajdziesz tu r\u00f3wnie\u017c szczeg\u00f3\u0142y dotycz\u0105ce oferowanych us\u0142ug, procesu wsp\u00f3\u0142pracy oraz praktyczne wskaz\u00f3wki. Je\u015bli szukasz wsparcia w swoim projekcie, ta podstrona to doskona\u0142y punkt startowy.<\/p><div id=\"simple-translate\" class=\"simple-translate-dark-theme\"><div><div class=\"simple-translate-button isShow\" style=\"background-image: url('moz-extension:\/\/718a7c82-547b-42b6-8f37-78a8aaf80fe6\/icons\/512.png'); height: 22px; width: 22px; top: -10px; left: -11px;\">\u00a0<\/div><div class=\"simple-translate-panel \" style=\"width: 300px; height: 200px; top: 0px; left: 0px; font-size: 13px;\"><div class=\"simple-translate-result-wrapper\" style=\"overflow: hidden;\"><div class=\"simple-translate-move\" draggable=\"true\">\u00a0<\/div><div class=\"simple-translate-result-contents\"><p class=\"simple-translate-result\" dir=\"auto\">\u00a0<\/p><p class=\"simple-translate-candidate\" dir=\"auto\">\u00a0<\/p><\/div><\/div><\/div><\/div><\/div>\t\t\t\t\t\t\t\t<\/div>\n\t\t\t\t<\/div>\n\t\t\t\t\t<\/div>\n\t\t<\/div>\n\t\t\t\t\t<\/div>\n\t\t<\/section>\n\t\t\t\t<section class=\"elementor-section elementor-top-section elementor-element elementor-element-54cab2f0 elementor-section-boxed elementor-section-height-default elementor-section-height-default wpr-particle-no wpr-jarallax-no wpr-parallax-no wpr-sticky-section-no\" data-id=\"54cab2f0\" data-element_type=\"section\" data-settings=\"{&quot;background_background&quot;:&quot;classic&quot;}\">\n\t\t\t\t\t\t<div class=\"elementor-container elementor-column-gap-default\">\n\t\t\t\t\t<div class=\"elementor-column elementor-col-50 elementor-top-column elementor-element elementor-element-1a63f1b7\" data-id=\"1a63f1b7\" data-element_type=\"column\">\n\t\t\t<div class=\"elementor-widget-wrap elementor-element-populated\">\n\t\t\t\t\t\t<div class=\"elementor-element elementor-element-20daf9df elementor-widget elementor-widget-text-editor\" data-id=\"20daf9df\" data-element_type=\"widget\" data-widget_type=\"text-editor.default\">\n\t\t\t\t<div class=\"elementor-widget-container\">\n\t\t\t\t\t\t\t\t\t<p>2025 <a href=\"http:\/\/mbso.pl\" data-wplink-edit=\"true\">MBSO<\/a><\/p>\t\t\t\t\t\t\t\t<\/div>\n\t\t\t\t<\/div>\n\t\t\t\t\t<\/div>\n\t\t<\/div>\n\t\t\t\t<div class=\"elementor-column elementor-col-50 elementor-top-column elementor-element elementor-element-20cf70d\" data-id=\"20cf70d\" data-element_type=\"column\">\n\t\t\t<div class=\"elementor-widget-wrap elementor-element-populated\">\n\t\t\t\t\t\t<div class=\"elementor-element elementor-element-1440428 elementor-widget elementor-widget-text-editor\" data-id=\"1440428\" data-element_type=\"widget\" data-widget_type=\"text-editor.default\">\n\t\t\t\t<div class=\"elementor-widget-container\">\n\t\t\t\t\t\t\t\t\t<p><a href=\"https:\/\/mbso.pl\/?page_id=15\">Kontakt<\/a><\/p>\t\t\t\t\t\t\t\t<\/div>\n\t\t\t\t<\/div>\n\t\t\t\t\t<\/div>\n\t\t<\/div>\n\t\t\t\t\t<\/div>\n\t\t<\/section>\n\t\t\t\t<\/div>\n\t\t","protected":false},"excerpt":{"rendered":"<p>Praca Twoje marzenia, nasze projekty Na tej stronie znajdziesz wszystko, co dotyczy moich komercyjnych projekt\u00f3w i wsp\u00f3\u0142pracy z klientami. To miejsce, gdzie marzenia spotykaj\u0105 si\u0119 z kreatywno\u015bci\u0105, a efekty staj\u0105 si\u0119 namacalne. Prezentuj\u0119 tu przyk\u0142ady realizacji, by pokaza\u0107 Ci, jak moje umiej\u0119tno\u015bci mog\u0105 pom\u00f3c w rozwoju Twojej marki. Znajdziesz tu r\u00f3wnie\u017c szczeg\u00f3\u0142y dotycz\u0105ce oferowanych us\u0142ug, procesu wsp\u00f3\u0142pracy oraz praktyczne wskaz\u00f3wki. Je\u015bli szukasz wsparcia w swoim projekcie, ta podstrona to doskona\u0142y punkt startowy. \u00a0\u00a0 \u00a0 \u00a0 2025 MBSO Kontakt<\/p>\n","protected":false},"author":1,"featured_media":0,"parent":0,"menu_order":0,"comment_status":"closed","ping_status":"closed","template":"","meta":{"ocean_post_layout":"full-screen","ocean_both_sidebars_style":"","ocean_both_sidebars_content_width":0,"ocean_both_sidebars_sidebars_width":0,"ocean_sidebar":"0","ocean_second_sidebar":"0","ocean_disable_margins":"enable","ocean_add_body_class":"","ocean_shortcode_before_top_bar":"","ocean_shortcode_after_top_bar":"","ocean_shortcode_before_header":"","ocean_shortcode_after_header":"","ocean_has_shortcode":"","ocean_shortcode_after_title":"","ocean_shortcode_before_footer_widgets":"","ocean_shortcode_after_footer_widgets":"","ocean_shortcode_before_footer_bottom":"","ocean_shortcode_after_footer_bottom":"","ocean_display_top_bar":"off","ocean_display_header":"default","ocean_header_style":"","ocean_center_header_left_menu":"0","ocean_custom_header_template":"0","ocean_custom_logo":0,"ocean_custom_retina_logo":0,"ocean_custom_logo_max_width":0,"ocean_custom_logo_tablet_max_width":0,"ocean_custom_logo_mobile_max_width":0,"ocean_custom_logo_max_height":0,"ocean_custom_logo_tablet_max_height":0,"ocean_custom_logo_mobile_max_height":0,"ocean_header_custom_menu":"0","ocean_menu_typo_font_family":"0","ocean_menu_typo_font_subset":"","ocean_menu_typo_font_size":0,"ocean_menu_typo_font_size_tablet":0,"ocean_menu_typo_font_size_mobile":0,"ocean_menu_typo_font_size_unit":"px","ocean_menu_typo_font_weight":"","ocean_menu_typo_font_weight_tablet":"","ocean_menu_typo_font_weight_mobile":"","ocean_menu_typo_transform":"","ocean_menu_typo_transform_tablet":"","ocean_menu_typo_transform_mobile":"","ocean_menu_typo_line_height":0,"ocean_menu_typo_line_height_tablet":0,"ocean_menu_typo_line_height_mobile":0,"ocean_menu_typo_line_height_unit":"","ocean_menu_typo_spacing":0,"ocean_menu_typo_spacing_tablet":0,"ocean_menu_typo_spacing_mobile":0,"ocean_menu_typo_spacing_unit":"","ocean_menu_link_color":"","ocean_menu_link_color_hover":"","ocean_menu_link_color_active":"","ocean_menu_link_background":"","ocean_menu_link_hover_background":"","ocean_menu_link_active_background":"","ocean_menu_social_links_bg":"","ocean_menu_social_hover_links_bg":"","ocean_menu_social_links_color":"","ocean_menu_social_hover_links_color":"","ocean_disable_title":"on","ocean_disable_heading":"default","ocean_post_title":"","ocean_post_subheading":"","ocean_post_title_style":"","ocean_post_title_background_color":"","ocean_post_title_background":0,"ocean_post_title_bg_image_position":"","ocean_post_title_bg_image_attachment":"","ocean_post_title_bg_image_repeat":"","ocean_post_title_bg_image_size":"","ocean_post_title_height":0,"ocean_post_title_bg_overlay":0.5,"ocean_post_title_bg_overlay_color":"","ocean_disable_breadcrumbs":"default","ocean_breadcrumbs_color":"","ocean_breadcrumbs_separator_color":"","ocean_breadcrumbs_links_color":"","ocean_breadcrumbs_links_hover_color":"","ocean_display_footer_widgets":"off","ocean_display_footer_bottom":"off","ocean_custom_footer_template":"0","footnotes":""},"class_list":["post-17","page","type-page","status-publish","hentry","entry"],"yoast_head":"<!-- This site is optimized with the Yoast SEO plugin v26.0 - https:\/\/yoast.com\/wordpress\/plugins\/seo\/ -->\n<title>Praca - Studio graficzne MBSO<\/title>\n<meta name=\"robots\" content=\"index, follow, max-snippet:-1, max-image-preview:large, max-video-preview:-1\" \/>\n<link rel=\"canonical\" href=\"https:\/\/mbso.pl\/?page_id=17\" \/>\n<meta property=\"og:locale\" content=\"pl_PL\" \/>\n<meta property=\"og:type\" content=\"article\" \/>\n<meta property=\"og:title\" content=\"Praca - Studio graficzne MBSO\" \/>\n<meta property=\"og:description\" content=\"Praca Twoje marzenia, nasze projekty Na tej stronie znajdziesz wszystko, co dotyczy moich komercyjnych projekt\u00f3w i wsp\u00f3\u0142pracy z klientami. To miejsce, gdzie marzenia spotykaj\u0105 si\u0119 z kreatywno\u015bci\u0105, a efekty staj\u0105 si\u0119 namacalne. Prezentuj\u0119 tu przyk\u0142ady realizacji, by pokaza\u0107 Ci, jak moje umiej\u0119tno\u015bci mog\u0105 pom\u00f3c w rozwoju Twojej marki. Znajdziesz tu r\u00f3wnie\u017c szczeg\u00f3\u0142y dotycz\u0105ce oferowanych us\u0142ug, procesu wsp\u00f3\u0142pracy oraz praktyczne wskaz\u00f3wki. Je\u015bli szukasz wsparcia w swoim projekcie, ta podstrona to doskona\u0142y punkt startowy. \u00a0\u00a0 \u00a0 \u00a0 2025 MBSO Kontakt\" \/>\n<meta property=\"og:url\" content=\"https:\/\/mbso.pl\/?page_id=17\" \/>\n<meta property=\"og:site_name\" content=\"Studio graficzne MBSO\" \/>\n<meta property=\"article:publisher\" content=\"https:\/\/www.facebook.com\/studio.graficzne.mbso\" \/>\n<meta property=\"article:modified_time\" content=\"2025-01-01T11:19:00+00:00\" \/>\n<meta name=\"twitter:card\" content=\"summary_large_image\" \/>\n<meta name=\"twitter:site\" content=\"@studio_mbso\" \/>\n<meta name=\"twitter:label1\" content=\"Szacowany czas czytania\" \/>\n\t<meta name=\"twitter:data1\" content=\"1 minuta\" \/>\n<script type=\"application\/ld+json\" class=\"yoast-schema-graph\">{\"@context\":\"https:\/\/schema.org\",\"@graph\":[{\"@type\":\"WebPage\",\"@id\":\"https:\/\/mbso.pl\/?page_id=17\",\"url\":\"https:\/\/mbso.pl\/?page_id=17\",\"name\":\"Praca - Studio graficzne MBSO\",\"isPartOf\":{\"@id\":\"https:\/\/mbso.pl\/#website\"},\"datePublished\":\"2023-06-16T18:42:07+00:00\",\"dateModified\":\"2025-01-01T11:19:00+00:00\",\"breadcrumb\":{\"@id\":\"https:\/\/mbso.pl\/?page_id=17#breadcrumb\"},\"inLanguage\":\"pl-PL\",\"potentialAction\":[{\"@type\":\"ReadAction\",\"target\":[\"https:\/\/mbso.pl\/?page_id=17\"]}]},{\"@type\":\"BreadcrumbList\",\"@id\":\"https:\/\/mbso.pl\/?page_id=17#breadcrumb\",\"itemListElement\":[{\"@type\":\"ListItem\",\"position\":1,\"name\":\"Strona g\u0142\u00f3wna\",\"item\":\"https:\/\/mbso.pl\/\"},{\"@type\":\"ListItem\",\"position\":2,\"name\":\"Praca\"}]},{\"@type\":\"WebSite\",\"@id\":\"https:\/\/mbso.pl\/#website\",\"url\":\"https:\/\/mbso.pl\/\",\"name\":\"Studio graficzne MBSO\",\"description\":\"Studio graficzne MBSO - pasja do projektowania i animacji, kt&oacute;rej potrzebujesz!\",\"publisher\":{\"@id\":\"https:\/\/mbso.pl\/#organization\"},\"potentialAction\":[{\"@type\":\"SearchAction\",\"target\":{\"@type\":\"EntryPoint\",\"urlTemplate\":\"https:\/\/mbso.pl\/?s={search_term_string}\"},\"query-input\":{\"@type\":\"PropertyValueSpecification\",\"valueRequired\":true,\"valueName\":\"search_term_string\"}}],\"inLanguage\":\"pl-PL\"},{\"@type\":\"Organization\",\"@id\":\"https:\/\/mbso.pl\/#organization\",\"name\":\"Studio graficzne MBSO\",\"url\":\"https:\/\/mbso.pl\/\",\"logo\":{\"@type\":\"ImageObject\",\"inLanguage\":\"pl-PL\",\"@id\":\"https:\/\/mbso.pl\/#\/schema\/logo\/image\/\",\"url\":\"https:\/\/mbso.pl\/wp-content\/uploads\/2023\/07\/mbso_logo_kontra.png\",\"contentUrl\":\"https:\/\/mbso.pl\/wp-content\/uploads\/2023\/07\/mbso_logo_kontra.png\",\"width\":410,\"height\":126,\"caption\":\"Studio graficzne MBSO\"},\"image\":{\"@id\":\"https:\/\/mbso.pl\/#\/schema\/logo\/image\/\"},\"sameAs\":[\"https:\/\/www.facebook.com\/studio.graficzne.mbso\",\"https:\/\/x.com\/studio_mbso\",\"https:\/\/www.instagram.com\/studio.graficzne.mbso\"]}]}<\/script>\n<!-- \/ Yoast SEO plugin. -->","yoast_head_json":{"title":"Praca - Studio graficzne MBSO","robots":{"index":"index","follow":"follow","max-snippet":"max-snippet:-1","max-image-preview":"max-image-preview:large","max-video-preview":"max-video-preview:-1"},"canonical":"https:\/\/mbso.pl\/?page_id=17","og_locale":"pl_PL","og_type":"article","og_title":"Praca - Studio graficzne MBSO","og_description":"Praca Twoje marzenia, nasze projekty Na tej stronie znajdziesz wszystko, co dotyczy moich komercyjnych projekt\u00f3w i wsp\u00f3\u0142pracy z klientami. To miejsce, gdzie marzenia spotykaj\u0105 si\u0119 z kreatywno\u015bci\u0105, a efekty staj\u0105 si\u0119 namacalne. Prezentuj\u0119 tu przyk\u0142ady realizacji, by pokaza\u0107 Ci, jak moje umiej\u0119tno\u015bci mog\u0105 pom\u00f3c w rozwoju Twojej marki. Znajdziesz tu r\u00f3wnie\u017c szczeg\u00f3\u0142y dotycz\u0105ce oferowanych us\u0142ug, procesu wsp\u00f3\u0142pracy oraz praktyczne wskaz\u00f3wki. Je\u015bli szukasz wsparcia w swoim projekcie, ta podstrona to doskona\u0142y punkt startowy. \u00a0\u00a0 \u00a0 \u00a0 2025 MBSO Kontakt","og_url":"https:\/\/mbso.pl\/?page_id=17","og_site_name":"Studio graficzne MBSO","article_publisher":"https:\/\/www.facebook.com\/studio.graficzne.mbso","article_modified_time":"2025-01-01T11:19:00+00:00","twitter_card":"summary_large_image","twitter_site":"@studio_mbso","twitter_misc":{"Szacowany czas czytania":"1 minuta"},"schema":{"@context":"https:\/\/schema.org","@graph":[{"@type":"WebPage","@id":"https:\/\/mbso.pl\/?page_id=17","url":"https:\/\/mbso.pl\/?page_id=17","name":"Praca - Studio graficzne MBSO","isPartOf":{"@id":"https:\/\/mbso.pl\/#website"},"datePublished":"2023-06-16T18:42:07+00:00","dateModified":"2025-01-01T11:19:00+00:00","breadcrumb":{"@id":"https:\/\/mbso.pl\/?page_id=17#breadcrumb"},"inLanguage":"pl-PL","potentialAction":[{"@type":"ReadAction","target":["https:\/\/mbso.pl\/?page_id=17"]}]},{"@type":"BreadcrumbList","@id":"https:\/\/mbso.pl\/?page_id=17#breadcrumb","itemListElement":[{"@type":"ListItem","position":1,"name":"Strona g\u0142\u00f3wna","item":"https:\/\/mbso.pl\/"},{"@type":"ListItem","position":2,"name":"Praca"}]},{"@type":"WebSite","@id":"https:\/\/mbso.pl\/#website","url":"https:\/\/mbso.pl\/","name":"Studio graficzne MBSO","description":"Studio graficzne MBSO - pasja do projektowania i animacji, kt&oacute;rej potrzebujesz!","publisher":{"@id":"https:\/\/mbso.pl\/#organization"},"potentialAction":[{"@type":"SearchAction","target":{"@type":"EntryPoint","urlTemplate":"https:\/\/mbso.pl\/?s={search_term_string}"},"query-input":{"@type":"PropertyValueSpecification","valueRequired":true,"valueName":"search_term_string"}}],"inLanguage":"pl-PL"},{"@type":"Organization","@id":"https:\/\/mbso.pl\/#organization","name":"Studio graficzne MBSO","url":"https:\/\/mbso.pl\/","logo":{"@type":"ImageObject","inLanguage":"pl-PL","@id":"https:\/\/mbso.pl\/#\/schema\/logo\/image\/","url":"https:\/\/mbso.pl\/wp-content\/uploads\/2023\/07\/mbso_logo_kontra.png","contentUrl":"https:\/\/mbso.pl\/wp-content\/uploads\/2023\/07\/mbso_logo_kontra.png","width":410,"height":126,"caption":"Studio graficzne MBSO"},"image":{"@id":"https:\/\/mbso.pl\/#\/schema\/logo\/image\/"},"sameAs":["https:\/\/www.facebook.com\/studio.graficzne.mbso","https:\/\/x.com\/studio_mbso","https:\/\/www.instagram.com\/studio.graficzne.mbso"]}]}},"_links":{"self":[{"href":"https:\/\/mbso.pl\/index.php?rest_route=\/wp\/v2\/pages\/17","targetHints":{"allow":["GET"]}}],"collection":[{"href":"https:\/\/mbso.pl\/index.php?rest_route=\/wp\/v2\/pages"}],"about":[{"href":"https:\/\/mbso.pl\/index.php?rest_route=\/wp\/v2\/types\/page"}],"author":[{"embeddable":true,"href":"https:\/\/mbso.pl\/index.php?rest_route=\/wp\/v2\/users\/1"}],"replies":[{"embeddable":true,"href":"https:\/\/mbso.pl\/index.php?rest_route=%2Fwp%2Fv2%2Fcomments&post=17"}],"version-history":[{"count":56,"href":"https:\/\/mbso.pl\/index.php?rest_route=\/wp\/v2\/pages\/17\/revisions"}],"predecessor-version":[{"id":1634,"href":"https:\/\/mbso.pl\/index.php?rest_route=\/wp\/v2\/pages\/17\/revisions\/1634"}],"wp:attachment":[{"href":"https:\/\/mbso.pl\/index.php?rest_route=%2Fwp%2Fv2%2Fmedia&parent=17"}],"curies":[{"name":"wp","href":"https:\/\/api.w.org\/{rel}","templated":true}]}}