{"id":1009,"date":"2024-07-19T22:15:31","date_gmt":"2024-07-19T22:15:31","guid":{"rendered":"https:\/\/mbso.pl\/?page_id=1009"},"modified":"2025-01-01T10:49:12","modified_gmt":"2025-01-01T10:49:12","slug":"szyldy","status":"publish","type":"page","link":"https:\/\/mbso.pl\/?page_id=1009","title":{"rendered":"Szyldy"},"content":{"rendered":"\t\t<div data-elementor-type=\"wp-page\" data-elementor-id=\"1009\" class=\"elementor elementor-1009\">\n\t\t\t\t\t\t<section class=\"elementor-section elementor-top-section elementor-element elementor-element-c9e6805 elementor-section-stretched elementor-section-content-middle elementor-section-boxed elementor-section-height-default elementor-section-height-default wpr-particle-no wpr-jarallax-no wpr-parallax-no wpr-sticky-section-no\" data-id=\"c9e6805\" data-element_type=\"section\" data-settings=\"{&quot;background_background&quot;:&quot;classic&quot;,&quot;stretch_section&quot;:&quot;section-stretched&quot;}\">\n\t\t\t\t\t\t\t<div class=\"elementor-background-overlay\"><\/div>\n\t\t\t\t\t\t\t<div class=\"elementor-container elementor-column-gap-default\">\n\t\t\t\t\t<div class=\"elementor-column elementor-col-50 elementor-top-column elementor-element elementor-element-5c1100a\" data-id=\"5c1100a\" data-element_type=\"column\">\n\t\t\t<div class=\"elementor-widget-wrap elementor-element-populated\">\n\t\t\t\t\t\t<div class=\"elementor-element elementor-element-627b4f0 elementor-widget elementor-widget-image\" data-id=\"627b4f0\" data-element_type=\"widget\" data-widget_type=\"image.default\">\n\t\t\t\t<div class=\"elementor-widget-container\">\n\t\t\t\t\t\t\t\t\t\t\t\t\t\t\t<img fetchpriority=\"high\" decoding=\"async\" width=\"670\" height=\"670\" src=\"https:\/\/mbso.pl\/wp-content\/uploads\/2024\/12\/praca_szyldy.jpg\" class=\"attachment-large size-large wp-image-1525\" alt=\"\" srcset=\"https:\/\/mbso.pl\/wp-content\/uploads\/2024\/12\/praca_szyldy.jpg 670w, https:\/\/mbso.pl\/wp-content\/uploads\/2024\/12\/praca_szyldy-300x300.jpg 300w, https:\/\/mbso.pl\/wp-content\/uploads\/2024\/12\/praca_szyldy-150x150.jpg 150w, https:\/\/mbso.pl\/wp-content\/uploads\/2024\/12\/praca_szyldy-600x600.jpg 600w\" sizes=\"(max-width: 670px) 100vw, 670px\" \/>\t\t\t\t\t\t\t\t\t\t\t\t\t\t\t<\/div>\n\t\t\t\t<\/div>\n\t\t\t\t\t<\/div>\n\t\t<\/div>\n\t\t\t\t<div class=\"elementor-column elementor-col-50 elementor-top-column elementor-element elementor-element-1d8b581\" data-id=\"1d8b581\" data-element_type=\"column\">\n\t\t\t<div class=\"elementor-widget-wrap elementor-element-populated\">\n\t\t\t\t\t\t<div class=\"elementor-element elementor-element-f2cb6c1 animated-slow elementor-invisible elementor-widget elementor-widget-heading\" data-id=\"f2cb6c1\" data-element_type=\"widget\" data-settings=\"{&quot;_animation&quot;:&quot;fadeInUp&quot;}\" data-widget_type=\"heading.default\">\n\t\t\t\t<div class=\"elementor-widget-container\">\n\t\t\t\t\t<h2 class=\"elementor-heading-title elementor-size-default\">Szyldy<\/h2>\t\t\t\t<\/div>\n\t\t\t\t<\/div>\n\t\t\t\t<div class=\"elementor-element elementor-element-cc0850f animated-slow elementor-invisible elementor-widget elementor-widget-heading\" data-id=\"cc0850f\" data-element_type=\"widget\" data-settings=\"{&quot;_animation&quot;:&quot;fadeIn&quot;,&quot;_animation_delay&quot;:800}\" data-widget_type=\"heading.default\">\n\t\t\t\t<div class=\"elementor-widget-container\">\n\t\t\t\t\t<h2 class=\"elementor-heading-title elementor-size-default\">By 'go\u015bcie' trafili pod w\u0142a\u015bciwy adres<\/h2>\t\t\t\t<\/div>\n\t\t\t\t<\/div>\n\t\t\t\t<div class=\"elementor-element elementor-element-e6b3fe1 elementor-widget elementor-widget-spacer\" data-id=\"e6b3fe1\" data-element_type=\"widget\" data-widget_type=\"spacer.default\">\n\t\t\t\t<div class=\"elementor-widget-container\">\n\t\t\t\t\t\t\t<div class=\"elementor-spacer\">\n\t\t\t<div class=\"elementor-spacer-inner\"><\/div>\n\t\t<\/div>\n\t\t\t\t\t\t<\/div>\n\t\t\t\t<\/div>\n\t\t\t\t<div class=\"elementor-element elementor-element-a13fe7b animated-slow elementor-invisible elementor-widget elementor-widget-text-editor\" data-id=\"a13fe7b\" data-element_type=\"widget\" data-settings=\"{&quot;_animation&quot;:&quot;fadeIn&quot;,&quot;_animation_delay&quot;:800}\" data-widget_type=\"text-editor.default\">\n\t\t\t\t<div class=\"elementor-widget-container\">\n\t\t\t\t\t\t\t\t\t<p>Szyld to wizyt\u00f3wka Twojego miejsca pracy i pierwsze wra\u017cenie, z jakim spotykaj\u0105 si\u0119 Twoi klienci. Przy tego rodzaju projektach \u015bci\u015ble wsp\u00f3\u0142pracuj\u0119 z profesjonalistami zajmuj\u0105cymi si\u0119 produkcj\u0105 szyld\u00f3w i obr\u00f3bk\u0105 metali. Razem stworzymy szyld dopasowany do charakteru Twojego biznesu oraz otoczenia. Dzi\u0119ki naszym us\u0142ugom projektowania szyld\u00f3w, masz okazj\u0119 wyr\u00f3\u017cni\u0107 si\u0119 na tle konkurencji, przyci\u0105gaj\u0105c uwag\u0119 i tworz\u0105c pozytywny wizerunek Twojej firmy.<\/p>\t\t\t\t\t\t\t\t<\/div>\n\t\t\t\t<\/div>\n\t\t\t\t<div class=\"elementor-element elementor-element-abf11a7 elementor-widget elementor-widget-spacer\" data-id=\"abf11a7\" data-element_type=\"widget\" data-widget_type=\"spacer.default\">\n\t\t\t\t<div class=\"elementor-widget-container\">\n\t\t\t\t\t\t\t<div class=\"elementor-spacer\">\n\t\t\t<div class=\"elementor-spacer-inner\"><\/div>\n\t\t<\/div>\n\t\t\t\t\t\t<\/div>\n\t\t\t\t<\/div>\n\t\t\t\t<div class=\"elementor-element elementor-element-e77bf42 animated-slow elementor-widget-divider--view-line elementor-invisible elementor-widget elementor-widget-divider\" data-id=\"e77bf42\" data-element_type=\"widget\" data-settings=\"{&quot;_animation&quot;:&quot;fadeInLeft&quot;}\" data-widget_type=\"divider.default\">\n\t\t\t\t<div class=\"elementor-widget-container\">\n\t\t\t\t\t\t\t<div class=\"elementor-divider\">\n\t\t\t<span class=\"elementor-divider-separator\">\n\t\t\t\t\t\t<\/span>\n\t\t<\/div>\n\t\t\t\t\t\t<\/div>\n\t\t\t\t<\/div>\n\t\t\t\t<div class=\"elementor-element elementor-element-fbeab04 elementor-widget elementor-widget-spacer\" data-id=\"fbeab04\" data-element_type=\"widget\" data-widget_type=\"spacer.default\">\n\t\t\t\t<div class=\"elementor-widget-container\">\n\t\t\t\t\t\t\t<div class=\"elementor-spacer\">\n\t\t\t<div class=\"elementor-spacer-inner\"><\/div>\n\t\t<\/div>\n\t\t\t\t\t\t<\/div>\n\t\t\t\t<\/div>\n\t\t\t\t<section class=\"elementor-section elementor-inner-section elementor-element elementor-element-fa73b2f animated-slow elementor-section-boxed elementor-section-height-default elementor-section-height-default wpr-particle-no wpr-jarallax-no wpr-parallax-no wpr-sticky-section-no elementor-invisible\" data-id=\"fa73b2f\" data-element_type=\"section\" data-settings=\"{&quot;animation&quot;:&quot;fadeInUp&quot;}\">\n\t\t\t\t\t\t<div class=\"elementor-container elementor-column-gap-default\">\n\t\t\t\t\t<div class=\"elementor-column elementor-col-50 elementor-inner-column elementor-element elementor-element-d336c25\" data-id=\"d336c25\" data-element_type=\"column\">\n\t\t\t<div class=\"elementor-widget-wrap elementor-element-populated\">\n\t\t\t\t\t\t<div class=\"elementor-element elementor-element-549a70d animated-slow elementor-invisible elementor-widget elementor-widget-heading\" data-id=\"549a70d\" data-element_type=\"widget\" data-settings=\"{&quot;_animation&quot;:&quot;fadeIn&quot;,&quot;_animation_delay&quot;:800}\" data-widget_type=\"heading.default\">\n\t\t\t\t<div class=\"elementor-widget-container\">\n\t\t\t\t\t<h2 class=\"elementor-heading-title elementor-size-default\">Social media<\/h2>\t\t\t\t<\/div>\n\t\t\t\t<\/div>\n\t\t\t\t<div class=\"elementor-element elementor-element-6b3f8e7 elementor-shape-rounded elementor-grid-0 elementor-widget elementor-widget-social-icons\" data-id=\"6b3f8e7\" data-element_type=\"widget\" data-widget_type=\"social-icons.default\">\n\t\t\t\t<div class=\"elementor-widget-container\">\n\t\t\t\t\t\t\t<div class=\"elementor-social-icons-wrapper elementor-grid\" role=\"list\">\n\t\t\t\t\t\t\t<span class=\"elementor-grid-item\" role=\"listitem\">\n\t\t\t\t\t<a class=\"elementor-icon elementor-social-icon elementor-social-icon-facebook elementor-repeater-item-61ed286\" href=\"https:\/\/www.facebook.com\/studio.graficzne.mbso\" target=\"_blank\">\n\t\t\t\t\t\t<span class=\"elementor-screen-only\">Facebook<\/span>\n\t\t\t\t\t\t<i aria-hidden=\"true\" class=\"fab fa-facebook\"><\/i>\t\t\t\t\t<\/a>\n\t\t\t\t<\/span>\n\t\t\t\t\t\t\t<span class=\"elementor-grid-item\" role=\"listitem\">\n\t\t\t\t\t<a class=\"elementor-icon elementor-social-icon elementor-social-icon-instagram elementor-repeater-item-64e81d9\" href=\"https:\/\/www.instagram.com\/studio.graficzne.mbso\" target=\"_blank\">\n\t\t\t\t\t\t<span class=\"elementor-screen-only\">Instagram<\/span>\n\t\t\t\t\t\t<i aria-hidden=\"true\" class=\"fab fa-instagram\"><\/i>\t\t\t\t\t<\/a>\n\t\t\t\t<\/span>\n\t\t\t\t\t\t\t<span class=\"elementor-grid-item\" role=\"listitem\">\n\t\t\t\t\t<a class=\"elementor-icon elementor-social-icon elementor-social-icon-x-twitter elementor-repeater-item-03b4f9c\" href=\"https:\/\/twitter.com\/studio_mbso\" target=\"_blank\">\n\t\t\t\t\t\t<span class=\"elementor-screen-only\">X-twitter<\/span>\n\t\t\t\t\t\t<i aria-hidden=\"true\" class=\"fab fa-x-twitter\"><\/i>\t\t\t\t\t<\/a>\n\t\t\t\t<\/span>\n\t\t\t\t\t\t\t<span class=\"elementor-grid-item\" role=\"listitem\">\n\t\t\t\t\t<a class=\"elementor-icon elementor-social-icon elementor-social-icon-vimeo elementor-repeater-item-7a065e9\" href=\"https:\/\/vimeo.com\/mbso\" target=\"_blank\">\n\t\t\t\t\t\t<span class=\"elementor-screen-only\">Vimeo<\/span>\n\t\t\t\t\t\t<i aria-hidden=\"true\" class=\"fab fa-vimeo\"><\/i>\t\t\t\t\t<\/a>\n\t\t\t\t<\/span>\n\t\t\t\t\t<\/div>\n\t\t\t\t\t\t<\/div>\n\t\t\t\t<\/div>\n\t\t\t\t\t<\/div>\n\t\t<\/div>\n\t\t\t\t<div class=\"elementor-column elementor-col-50 elementor-inner-column elementor-element elementor-element-0126000\" data-id=\"0126000\" data-element_type=\"column\">\n\t\t\t<div class=\"elementor-widget-wrap elementor-element-populated\">\n\t\t\t\t\t\t<div class=\"elementor-element elementor-element-55cacb5 animated-slow elementor-invisible elementor-widget elementor-widget-heading\" data-id=\"55cacb5\" data-element_type=\"widget\" data-settings=\"{&quot;_animation&quot;:&quot;fadeIn&quot;,&quot;_animation_delay&quot;:800}\" data-widget_type=\"heading.default\">\n\t\t\t\t<div class=\"elementor-widget-container\">\n\t\t\t\t\t<h2 class=\"elementor-heading-title elementor-size-default\">Zadzwo\u0144<\/h2>\t\t\t\t<\/div>\n\t\t\t\t<\/div>\n\t\t\t\t<div class=\"elementor-element elementor-element-54414b4 elementor-widget elementor-widget-text-editor\" data-id=\"54414b4\" data-element_type=\"widget\" data-widget_type=\"text-editor.default\">\n\t\t\t\t<div class=\"elementor-widget-container\">\n\t\t\t\t\t\t\t\t\t<p>(+48) <strong>723 488 900<\/strong><\/p>\t\t\t\t\t\t\t\t<\/div>\n\t\t\t\t<\/div>\n\t\t\t\t\t<\/div>\n\t\t<\/div>\n\t\t\t\t\t<\/div>\n\t\t<\/section>\n\t\t\t\t\t<\/div>\n\t\t<\/div>\n\t\t\t\t\t<\/div>\n\t\t<\/section>\n\t\t\t\t<section class=\"elementor-section elementor-top-section elementor-element elementor-element-980c7b5 elementor-section-boxed elementor-section-height-default elementor-section-height-default wpr-particle-no wpr-jarallax-no wpr-parallax-no wpr-sticky-section-no\" data-id=\"980c7b5\" data-element_type=\"section\" data-settings=\"{&quot;background_background&quot;:&quot;classic&quot;}\">\n\t\t\t\t\t\t<div class=\"elementor-container elementor-column-gap-default\">\n\t\t\t\t\t<div class=\"elementor-column elementor-col-50 elementor-top-column elementor-element elementor-element-1a190dc\" data-id=\"1a190dc\" data-element_type=\"column\">\n\t\t\t<div class=\"elementor-widget-wrap elementor-element-populated\">\n\t\t\t\t\t\t<div class=\"elementor-element elementor-element-1a67533 elementor-widget elementor-widget-text-editor\" data-id=\"1a67533\" data-element_type=\"widget\" data-widget_type=\"text-editor.default\">\n\t\t\t\t<div class=\"elementor-widget-container\">\n\t\t\t\t\t\t\t\t\t<p>2025 <a href=\"http:\/\/mbso.pl\" data-wplink-edit=\"true\">MBSO<\/a><\/p>\t\t\t\t\t\t\t\t<\/div>\n\t\t\t\t<\/div>\n\t\t\t\t\t<\/div>\n\t\t<\/div>\n\t\t\t\t<div class=\"elementor-column elementor-col-50 elementor-top-column elementor-element elementor-element-e162c3c\" data-id=\"e162c3c\" data-element_type=\"column\">\n\t\t\t<div class=\"elementor-widget-wrap elementor-element-populated\">\n\t\t\t\t\t\t<div class=\"elementor-element elementor-element-ec61204 elementor-widget elementor-widget-text-editor\" data-id=\"ec61204\" data-element_type=\"widget\" data-widget_type=\"text-editor.default\">\n\t\t\t\t<div class=\"elementor-widget-container\">\n\t\t\t\t\t\t\t\t\t<p><a href=\"https:\/\/mbso.pl\/?page_id=15\">Kontakt<\/a><\/p>\t\t\t\t\t\t\t\t<\/div>\n\t\t\t\t<\/div>\n\t\t\t\t\t<\/div>\n\t\t<\/div>\n\t\t\t\t\t<\/div>\n\t\t<\/section>\n\t\t\t\t<\/div>\n\t\t","protected":false},"excerpt":{"rendered":"<p>Szyldy By 'go\u015bcie&#8217; trafili pod w\u0142a\u015bciwy adres Szyld to wizyt\u00f3wka Twojego miejsca pracy i pierwsze wra\u017cenie, z jakim spotykaj\u0105 si\u0119 Twoi klienci. Przy tego rodzaju projektach \u015bci\u015ble wsp\u00f3\u0142pracuj\u0119 z profesjonalistami zajmuj\u0105cymi si\u0119 produkcj\u0105 szyld\u00f3w i obr\u00f3bk\u0105 metali. Razem stworzymy szyld dopasowany do charakteru Twojego biznesu oraz otoczenia. Dzi\u0119ki naszym us\u0142ugom projektowania szyld\u00f3w, masz okazj\u0119 wyr\u00f3\u017cni\u0107 si\u0119 na tle konkurencji, przyci\u0105gaj\u0105c uwag\u0119 i tworz\u0105c pozytywny wizerunek Twojej firmy. Social media Facebook Instagram X-twitter Vimeo Zadzwo\u0144 (+48) 723 488 900 2025 MBSO Kontakt<\/p>\n","protected":false},"author":1,"featured_media":0,"parent":0,"menu_order":0,"comment_status":"closed","ping_status":"closed","template":"","meta":{"ocean_post_layout":"full-screen","ocean_both_sidebars_style":"","ocean_both_sidebars_content_width":0,"ocean_both_sidebars_sidebars_width":0,"ocean_sidebar":"0","ocean_second_sidebar":"0","ocean_disable_margins":"enable","ocean_add_body_class":"","ocean_shortcode_before_top_bar":"","ocean_shortcode_after_top_bar":"","ocean_shortcode_before_header":"","ocean_shortcode_after_header":"","ocean_has_shortcode":"","ocean_shortcode_after_title":"","ocean_shortcode_before_footer_widgets":"","ocean_shortcode_after_footer_widgets":"","ocean_shortcode_before_footer_bottom":"","ocean_shortcode_after_footer_bottom":"","ocean_display_top_bar":"off","ocean_display_header":"default","ocean_header_style":"","ocean_center_header_left_menu":"0","ocean_custom_header_template":"0","ocean_custom_logo":0,"ocean_custom_retina_logo":0,"ocean_custom_logo_max_width":0,"ocean_custom_logo_tablet_max_width":0,"ocean_custom_logo_mobile_max_width":0,"ocean_custom_logo_max_height":0,"ocean_custom_logo_tablet_max_height":0,"ocean_custom_logo_mobile_max_height":0,"ocean_header_custom_menu":"0","ocean_menu_typo_font_family":"0","ocean_menu_typo_font_subset":"","ocean_menu_typo_font_size":0,"ocean_menu_typo_font_size_tablet":0,"ocean_menu_typo_font_size_mobile":0,"ocean_menu_typo_font_size_unit":"px","ocean_menu_typo_font_weight":"","ocean_menu_typo_font_weight_tablet":"","ocean_menu_typo_font_weight_mobile":"","ocean_menu_typo_transform":"","ocean_menu_typo_transform_tablet":"","ocean_menu_typo_transform_mobile":"","ocean_menu_typo_line_height":0,"ocean_menu_typo_line_height_tablet":0,"ocean_menu_typo_line_height_mobile":0,"ocean_menu_typo_line_height_unit":"","ocean_menu_typo_spacing":0,"ocean_menu_typo_spacing_tablet":0,"ocean_menu_typo_spacing_mobile":0,"ocean_menu_typo_spacing_unit":"","ocean_menu_link_color":"","ocean_menu_link_color_hover":"","ocean_menu_link_color_active":"","ocean_menu_link_background":"","ocean_menu_link_hover_background":"","ocean_menu_link_active_background":"","ocean_menu_social_links_bg":"","ocean_menu_social_hover_links_bg":"","ocean_menu_social_links_color":"","ocean_menu_social_hover_links_color":"","ocean_disable_title":"on","ocean_disable_heading":"default","ocean_post_title":"","ocean_post_subheading":"","ocean_post_title_style":"","ocean_post_title_background_color":"","ocean_post_title_background":0,"ocean_post_title_bg_image_position":"","ocean_post_title_bg_image_attachment":"","ocean_post_title_bg_image_repeat":"","ocean_post_title_bg_image_size":"","ocean_post_title_height":0,"ocean_post_title_bg_overlay":0.5,"ocean_post_title_bg_overlay_color":"","ocean_disable_breadcrumbs":"default","ocean_breadcrumbs_color":"","ocean_breadcrumbs_separator_color":"","ocean_breadcrumbs_links_color":"","ocean_breadcrumbs_links_hover_color":"","ocean_display_footer_widgets":"off","ocean_display_footer_bottom":"off","ocean_custom_footer_template":"0","footnotes":""},"class_list":["post-1009","page","type-page","status-publish","hentry","entry"],"yoast_head":"<!-- This site is optimized with the Yoast SEO plugin v26.0 - https:\/\/yoast.com\/wordpress\/plugins\/seo\/ -->\n<title>Szyldy - Studio graficzne MBSO<\/title>\n<meta name=\"robots\" content=\"index, follow, max-snippet:-1, max-image-preview:large, max-video-preview:-1\" \/>\n<link rel=\"canonical\" href=\"https:\/\/mbso.pl\/?page_id=1009\" \/>\n<meta property=\"og:locale\" content=\"pl_PL\" \/>\n<meta property=\"og:type\" content=\"article\" \/>\n<meta property=\"og:title\" content=\"Szyldy - Studio graficzne MBSO\" \/>\n<meta property=\"og:description\" content=\"Szyldy By &#039;go\u015bcie&#8217; trafili pod w\u0142a\u015bciwy adres Szyld to wizyt\u00f3wka Twojego miejsca pracy i pierwsze wra\u017cenie, z jakim spotykaj\u0105 si\u0119 Twoi klienci. Przy tego rodzaju projektach \u015bci\u015ble wsp\u00f3\u0142pracuj\u0119 z profesjonalistami zajmuj\u0105cymi si\u0119 produkcj\u0105 szyld\u00f3w i obr\u00f3bk\u0105 metali. Razem stworzymy szyld dopasowany do charakteru Twojego biznesu oraz otoczenia. Dzi\u0119ki naszym us\u0142ugom projektowania szyld\u00f3w, masz okazj\u0119 wyr\u00f3\u017cni\u0107 si\u0119 na tle konkurencji, przyci\u0105gaj\u0105c uwag\u0119 i tworz\u0105c pozytywny wizerunek Twojej firmy. Social media Facebook Instagram X-twitter Vimeo Zadzwo\u0144 (+48) 723 488 900 2025 MBSO Kontakt\" \/>\n<meta property=\"og:url\" content=\"https:\/\/mbso.pl\/?page_id=1009\" \/>\n<meta property=\"og:site_name\" content=\"Studio graficzne MBSO\" \/>\n<meta property=\"article:publisher\" content=\"https:\/\/www.facebook.com\/studio.graficzne.mbso\" \/>\n<meta property=\"article:modified_time\" content=\"2025-01-01T10:49:12+00:00\" \/>\n<meta property=\"og:image\" content=\"https:\/\/mbso.pl\/wp-content\/uploads\/2024\/12\/praca_szyldy.jpg\" \/>\n\t<meta property=\"og:image:width\" content=\"670\" \/>\n\t<meta property=\"og:image:height\" content=\"670\" \/>\n\t<meta property=\"og:image:type\" content=\"image\/jpeg\" \/>\n<meta name=\"twitter:card\" content=\"summary_large_image\" \/>\n<meta name=\"twitter:site\" content=\"@studio_mbso\" \/>\n<meta name=\"twitter:label1\" content=\"Szacowany czas czytania\" \/>\n\t<meta name=\"twitter:data1\" content=\"1 minuta\" \/>\n<script type=\"application\/ld+json\" class=\"yoast-schema-graph\">{\"@context\":\"https:\/\/schema.org\",\"@graph\":[{\"@type\":\"WebPage\",\"@id\":\"https:\/\/mbso.pl\/?page_id=1009\",\"url\":\"https:\/\/mbso.pl\/?page_id=1009\",\"name\":\"Szyldy - Studio graficzne MBSO\",\"isPartOf\":{\"@id\":\"https:\/\/mbso.pl\/#website\"},\"primaryImageOfPage\":{\"@id\":\"https:\/\/mbso.pl\/?page_id=1009#primaryimage\"},\"image\":{\"@id\":\"https:\/\/mbso.pl\/?page_id=1009#primaryimage\"},\"thumbnailUrl\":\"https:\/\/mbso.pl\/wp-content\/uploads\/2024\/12\/praca_szyldy.jpg\",\"datePublished\":\"2024-07-19T22:15:31+00:00\",\"dateModified\":\"2025-01-01T10:49:12+00:00\",\"breadcrumb\":{\"@id\":\"https:\/\/mbso.pl\/?page_id=1009#breadcrumb\"},\"inLanguage\":\"pl-PL\",\"potentialAction\":[{\"@type\":\"ReadAction\",\"target\":[\"https:\/\/mbso.pl\/?page_id=1009\"]}]},{\"@type\":\"ImageObject\",\"inLanguage\":\"pl-PL\",\"@id\":\"https:\/\/mbso.pl\/?page_id=1009#primaryimage\",\"url\":\"https:\/\/mbso.pl\/wp-content\/uploads\/2024\/12\/praca_szyldy.jpg\",\"contentUrl\":\"https:\/\/mbso.pl\/wp-content\/uploads\/2024\/12\/praca_szyldy.jpg\",\"width\":670,\"height\":670},{\"@type\":\"BreadcrumbList\",\"@id\":\"https:\/\/mbso.pl\/?page_id=1009#breadcrumb\",\"itemListElement\":[{\"@type\":\"ListItem\",\"position\":1,\"name\":\"Strona g\u0142\u00f3wna\",\"item\":\"https:\/\/mbso.pl\/\"},{\"@type\":\"ListItem\",\"position\":2,\"name\":\"Szyldy\"}]},{\"@type\":\"WebSite\",\"@id\":\"https:\/\/mbso.pl\/#website\",\"url\":\"https:\/\/mbso.pl\/\",\"name\":\"Studio graficzne MBSO\",\"description\":\"Studio graficzne MBSO - pasja do projektowania i animacji, kt&oacute;rej potrzebujesz!\",\"publisher\":{\"@id\":\"https:\/\/mbso.pl\/#organization\"},\"potentialAction\":[{\"@type\":\"SearchAction\",\"target\":{\"@type\":\"EntryPoint\",\"urlTemplate\":\"https:\/\/mbso.pl\/?s={search_term_string}\"},\"query-input\":{\"@type\":\"PropertyValueSpecification\",\"valueRequired\":true,\"valueName\":\"search_term_string\"}}],\"inLanguage\":\"pl-PL\"},{\"@type\":\"Organization\",\"@id\":\"https:\/\/mbso.pl\/#organization\",\"name\":\"Studio graficzne MBSO\",\"url\":\"https:\/\/mbso.pl\/\",\"logo\":{\"@type\":\"ImageObject\",\"inLanguage\":\"pl-PL\",\"@id\":\"https:\/\/mbso.pl\/#\/schema\/logo\/image\/\",\"url\":\"https:\/\/mbso.pl\/wp-content\/uploads\/2023\/07\/mbso_logo_kontra.png\",\"contentUrl\":\"https:\/\/mbso.pl\/wp-content\/uploads\/2023\/07\/mbso_logo_kontra.png\",\"width\":410,\"height\":126,\"caption\":\"Studio graficzne MBSO\"},\"image\":{\"@id\":\"https:\/\/mbso.pl\/#\/schema\/logo\/image\/\"},\"sameAs\":[\"https:\/\/www.facebook.com\/studio.graficzne.mbso\",\"https:\/\/x.com\/studio_mbso\",\"https:\/\/www.instagram.com\/studio.graficzne.mbso\"]}]}<\/script>\n<!-- \/ Yoast SEO plugin. -->","yoast_head_json":{"title":"Szyldy - Studio graficzne MBSO","robots":{"index":"index","follow":"follow","max-snippet":"max-snippet:-1","max-image-preview":"max-image-preview:large","max-video-preview":"max-video-preview:-1"},"canonical":"https:\/\/mbso.pl\/?page_id=1009","og_locale":"pl_PL","og_type":"article","og_title":"Szyldy - Studio graficzne MBSO","og_description":"Szyldy By 'go\u015bcie&#8217; trafili pod w\u0142a\u015bciwy adres Szyld to wizyt\u00f3wka Twojego miejsca pracy i pierwsze wra\u017cenie, z jakim spotykaj\u0105 si\u0119 Twoi klienci. Przy tego rodzaju projektach \u015bci\u015ble wsp\u00f3\u0142pracuj\u0119 z profesjonalistami zajmuj\u0105cymi si\u0119 produkcj\u0105 szyld\u00f3w i obr\u00f3bk\u0105 metali. Razem stworzymy szyld dopasowany do charakteru Twojego biznesu oraz otoczenia. Dzi\u0119ki naszym us\u0142ugom projektowania szyld\u00f3w, masz okazj\u0119 wyr\u00f3\u017cni\u0107 si\u0119 na tle konkurencji, przyci\u0105gaj\u0105c uwag\u0119 i tworz\u0105c pozytywny wizerunek Twojej firmy. Social media Facebook Instagram X-twitter Vimeo Zadzwo\u0144 (+48) 723 488 900 2025 MBSO Kontakt","og_url":"https:\/\/mbso.pl\/?page_id=1009","og_site_name":"Studio graficzne MBSO","article_publisher":"https:\/\/www.facebook.com\/studio.graficzne.mbso","article_modified_time":"2025-01-01T10:49:12+00:00","og_image":[{"width":670,"height":670,"url":"https:\/\/mbso.pl\/wp-content\/uploads\/2024\/12\/praca_szyldy.jpg","type":"image\/jpeg"}],"twitter_card":"summary_large_image","twitter_site":"@studio_mbso","twitter_misc":{"Szacowany czas czytania":"1 minuta"},"schema":{"@context":"https:\/\/schema.org","@graph":[{"@type":"WebPage","@id":"https:\/\/mbso.pl\/?page_id=1009","url":"https:\/\/mbso.pl\/?page_id=1009","name":"Szyldy - Studio graficzne MBSO","isPartOf":{"@id":"https:\/\/mbso.pl\/#website"},"primaryImageOfPage":{"@id":"https:\/\/mbso.pl\/?page_id=1009#primaryimage"},"image":{"@id":"https:\/\/mbso.pl\/?page_id=1009#primaryimage"},"thumbnailUrl":"https:\/\/mbso.pl\/wp-content\/uploads\/2024\/12\/praca_szyldy.jpg","datePublished":"2024-07-19T22:15:31+00:00","dateModified":"2025-01-01T10:49:12+00:00","breadcrumb":{"@id":"https:\/\/mbso.pl\/?page_id=1009#breadcrumb"},"inLanguage":"pl-PL","potentialAction":[{"@type":"ReadAction","target":["https:\/\/mbso.pl\/?page_id=1009"]}]},{"@type":"ImageObject","inLanguage":"pl-PL","@id":"https:\/\/mbso.pl\/?page_id=1009#primaryimage","url":"https:\/\/mbso.pl\/wp-content\/uploads\/2024\/12\/praca_szyldy.jpg","contentUrl":"https:\/\/mbso.pl\/wp-content\/uploads\/2024\/12\/praca_szyldy.jpg","width":670,"height":670},{"@type":"BreadcrumbList","@id":"https:\/\/mbso.pl\/?page_id=1009#breadcrumb","itemListElement":[{"@type":"ListItem","position":1,"name":"Strona g\u0142\u00f3wna","item":"https:\/\/mbso.pl\/"},{"@type":"ListItem","position":2,"name":"Szyldy"}]},{"@type":"WebSite","@id":"https:\/\/mbso.pl\/#website","url":"https:\/\/mbso.pl\/","name":"Studio graficzne MBSO","description":"Studio graficzne MBSO - pasja do projektowania i animacji, kt&oacute;rej potrzebujesz!","publisher":{"@id":"https:\/\/mbso.pl\/#organization"},"potentialAction":[{"@type":"SearchAction","target":{"@type":"EntryPoint","urlTemplate":"https:\/\/mbso.pl\/?s={search_term_string}"},"query-input":{"@type":"PropertyValueSpecification","valueRequired":true,"valueName":"search_term_string"}}],"inLanguage":"pl-PL"},{"@type":"Organization","@id":"https:\/\/mbso.pl\/#organization","name":"Studio graficzne MBSO","url":"https:\/\/mbso.pl\/","logo":{"@type":"ImageObject","inLanguage":"pl-PL","@id":"https:\/\/mbso.pl\/#\/schema\/logo\/image\/","url":"https:\/\/mbso.pl\/wp-content\/uploads\/2023\/07\/mbso_logo_kontra.png","contentUrl":"https:\/\/mbso.pl\/wp-content\/uploads\/2023\/07\/mbso_logo_kontra.png","width":410,"height":126,"caption":"Studio graficzne MBSO"},"image":{"@id":"https:\/\/mbso.pl\/#\/schema\/logo\/image\/"},"sameAs":["https:\/\/www.facebook.com\/studio.graficzne.mbso","https:\/\/x.com\/studio_mbso","https:\/\/www.instagram.com\/studio.graficzne.mbso"]}]}},"_links":{"self":[{"href":"https:\/\/mbso.pl\/index.php?rest_route=\/wp\/v2\/pages\/1009","targetHints":{"allow":["GET"]}}],"collection":[{"href":"https:\/\/mbso.pl\/index.php?rest_route=\/wp\/v2\/pages"}],"about":[{"href":"https:\/\/mbso.pl\/index.php?rest_route=\/wp\/v2\/types\/page"}],"author":[{"embeddable":true,"href":"https:\/\/mbso.pl\/index.php?rest_route=\/wp\/v2\/users\/1"}],"replies":[{"embeddable":true,"href":"https:\/\/mbso.pl\/index.php?rest_route=%2Fwp%2Fv2%2Fcomments&post=1009"}],"version-history":[{"count":13,"href":"https:\/\/mbso.pl\/index.php?rest_route=\/wp\/v2\/pages\/1009\/revisions"}],"predecessor-version":[{"id":1618,"href":"https:\/\/mbso.pl\/index.php?rest_route=\/wp\/v2\/pages\/1009\/revisions\/1618"}],"wp:attachment":[{"href":"https:\/\/mbso.pl\/index.php?rest_route=%2Fwp%2Fv2%2Fmedia&parent=1009"}],"curies":[{"name":"wp","href":"https:\/\/api.w.org\/{rel}","templated":true}]}}